{"id":857,"date":"2025-07-25T13:18:54","date_gmt":"2025-07-25T12:18:54","guid":{"rendered":"https:\/\/ftachim.site\/?page_id=857"},"modified":"2025-10-31T11:22:21","modified_gmt":"2025-10-31T10:22:21","slug":"%d8%ae%d8%a8%d8%b2-%d9%88%d9%81%d9%83%d8%b1","status":"publish","type":"page","link":"https:\/\/ftachim.site\/","title":{"rendered":"\u062e\u0628\u0632 \u0648\u0641\u0643\u0631"},"content":{"rendered":"\n<div class=\"wp-block-group alignfull has-background-background-color has-background is-layout-constrained wp-container-core-group-is-layout-7276a2bb wp-block-group-is-layout-constrained\" style=\"margin-top:0;margin-bottom:0;padding-top:var(--wp--preset--spacing--60);padding-right:var(--wp--preset--spacing--30);padding-bottom:var(--wp--preset--spacing--60);padding-left:var(--wp--preset--spacing--30)\">\n<h2 class=\"wp-block-heading has-text-align-center has-large-font-size\">\u0627\u0633\u062a\u0643\u0634\u0641 \u0631\u0633\u0627\u0644\u062a\u0646\u0627 \u0648\u0631\u0624\u064a\u062a\u0646\u0627 \u0644\u0645\u0633\u062a\u0642\u0628\u0644 \u0645\u0634\u0631\u0642 \u0641\u064a \u0639\u0627\u0644\u0645 \u0627\u0644\u062e\u0628\u0632.<\/h2>\n\n\n\n<p class=\"has-text-align-center\" style=\"margin-top:16px\">\u062a\u0642\u062f\u0645 \u0647\u0630\u0647 \u0627\u0644\u0635\u0641\u062d\u0629 \u0646\u0638\u0631\u0629 \u0645\u0639\u0645\u0642\u0629 \u0639\u0644\u0649 \u0631\u0633\u0627\u0644\u062a\u0646\u0627\u060c \u0642\u064a\u0645\u0646\u0627 \u0648\u062a\u0627\u0631\u064a\u062e\u0646\u0627\u060c \u0645\u0639 \u062a\u0633\u0644\u064a\u0637 \u0627\u0644\u0636\u0648\u0621 \u0639\u0644\u0649 \u0627\u0644\u0645\u0628\u0627\u062f\u0626 \u0627\u0644\u062a\u064a \u062a\u0648\u062c\u0647 \u0623\u0647\u062f\u0627\u0641\u0646\u0627 \u0648\u0637\u0645\u0648\u062d\u0627\u062a\u0646\u0627 \u0641\u064a \u0625\u062b\u0631\u0627\u0621 \u062b\u0642\u0627\u0641\u0629 \u0635\u0646\u0627\u0639\u0629 \u0627\u0644\u062e\u0628\u0632 \u0645\u062d\u0644\u064a\u0627\u064b \u0648\u0639\u0627\u0644\u0645\u064a\u0627\u064b.<\/p>\n<\/div>\n\n\n\n<div class=\"wp-block-group alignfull has-tertiary-background-color has-background is-layout-constrained wp-container-core-group-is-layout-7276a2bb wp-block-group-is-layout-constrained\" style=\"margin-top:0;margin-bottom:0;padding-top:var(--wp--preset--spacing--60);padding-right:var(--wp--preset--spacing--30);padding-bottom:var(--wp--preset--spacing--60);padding-left:var(--wp--preset--spacing--30)\">\n<div class=\"wp-block-group alignwide is-vertical is-layout-flex wp-container-core-group-is-layout-fe9cc265 wp-block-group-is-layout-flex\">\n<div class=\"wp-block-group alignwide is-content-justification-left is-layout-constrained wp-container-core-group-is-layout-8b4c372c wp-block-group-is-layout-constrained\">\n<h2 class=\"wp-block-heading has-large-font-size\">Explorez les secrets du pain artisanal.<\/h2>\n\n\n\n<p style=\"margin-top:16px\">Cette section pr\u00e9sente des articles et r\u00e9flexions sur les ingr\u00e9dients, la nutrition et les techniques de boulangerie.<\/p>\n<\/div>\n<\/div>\n\n\n\n<div class=\"wp-block-columns alignwide is-layout-flex wp-container-core-columns-is-layout-a88a3fd8 wp-block-columns-is-layout-flex\">\n<div class=\"wp-block-column is-layout-flow wp-block-column-is-layout-flow\">\n<div class=\"wp-block-group has-background-background-color has-background is-layout-constrained wp-container-core-group-is-layout-a35945ca wp-block-group-is-layout-constrained\" style=\"border-radius:4px;min-height:100%;padding-top:var(--wp--preset--spacing--30);padding-right:var(--wp--preset--spacing--30);padding-bottom:var(--wp--preset--spacing--30);padding-left:var(--wp--preset--spacing--30)\">\n<figure class=\"wp-block-gallery has-nested-images columns-default is-cropped wp-block-gallery-2 is-layout-flex wp-block-gallery-is-layout-flex\">\n<figure class=\"wp-block-image size-large ext-aspect-landscape extendify-image-import is-style-rounded wp-duotone-varpresetduotoneprimary-foreground-1\"><img loading=\"lazy\" decoding=\"async\" width=\"768\" height=\"1024\" data-id=\"876\" src=\"https:\/\/ftachim.site\/wp-content\/uploads\/2025\/07\/1000000366-768x1024.webp\" alt=\"\" class=\"wp-image-876\" srcset=\"https:\/\/ftachim.site\/wp-content\/uploads\/2025\/07\/1000000366-768x1024.webp 768w, https:\/\/ftachim.site\/wp-content\/uploads\/2025\/07\/1000000366-225x300.webp 225w, https:\/\/ftachim.site\/wp-content\/uploads\/2025\/07\/1000000366-1152x1536.webp 1152w, https:\/\/ftachim.site\/wp-content\/uploads\/2025\/07\/1000000366.webp 1440w\" sizes=\"auto, (max-width: 768px) 100vw, 768px\" \/><figcaption class=\"wp-element-caption\"><img loading=\"lazy\" decoding=\"async\" width=\"1440\" height=\"1920\" class=\"wp-image-706\" style=\"width: 150px\" src=\"https:\/\/ftachim.site\/wp-content\/uploads\/2025\/07\/IMG_20240525_153023_3-scaled.webp\" alt=\"\u062e\u0628\u0632 \u0627\u0644\u062f\u0627\u0631 100\/100\" srcset=\"https:\/\/ftachim.site\/wp-content\/uploads\/2025\/07\/IMG_20240525_153023_3-scaled.webp 1440w, https:\/\/ftachim.site\/wp-content\/uploads\/2025\/07\/IMG_20240525_153023_3-225x300.webp 225w, https:\/\/ftachim.site\/wp-content\/uploads\/2025\/07\/IMG_20240525_153023_3-768x1024.webp 768w, https:\/\/ftachim.site\/wp-content\/uploads\/2025\/07\/IMG_20240525_153023_3-1152x1536.webp 1152w\" sizes=\"auto, (max-width: 1440px) 100vw, 1440px\" \/><\/figcaption><\/figure>\n<\/figure>\n\n\n\n<h3 class=\"wp-block-heading\" style=\"margin-top:24px;font-size:20px;line-height:1.5\">Pain Local<\/h3>\n\n\n\n<p class=\"has-small-font-size\" style=\"margin-top:8px\">D\u00e9couvrez les bases de la fabrication du pain traditionnel et ses saveurs uniques.<\/p>\n\n\n\n<div class=\"wp-block-buttons is-content-justification-left is-layout-flex wp-container-core-buttons-is-layout-fc4fd283 wp-block-buttons-is-layout-flex\">\n<div class=\"wp-block-button\"><a class=\"wp-block-button__link has-small-font-size has-custom-font-size wp-element-button\">Lire l&rsquo;article<\/a><\/div>\n<\/div>\n\n\n\n<figure class=\"wp-block-embed is-type-video is-provider-youtube wp-block-embed-youtube wp-embed-aspect-16-9 wp-has-aspect-ratio\"><div class=\"wp-block-embed__wrapper\">\n<iframe loading=\"lazy\" title=\"18 d\u00e9cembre 2023\" width=\"800\" height=\"450\" src=\"https:\/\/www.youtube.com\/embed\/oTa2hpa0IHM?feature=oembed\" frameborder=\"0\" allow=\"accelerometer; autoplay; clipboard-write; encrypted-media; gyroscope; picture-in-picture; web-share\" referrerpolicy=\"strict-origin-when-cross-origin\" allowfullscreen><\/iframe>\n<\/div><\/figure>\n<\/div>\n<\/div>\n\n\n\n<div class=\"wp-block-column is-layout-flow wp-block-column-is-layout-flow\">\n<div class=\"wp-block-group has-background-background-color has-background is-layout-constrained wp-container-core-group-is-layout-a35945ca wp-block-group-is-layout-constrained\" style=\"border-radius:4px;min-height:100%;padding-top:var(--wp--preset--spacing--30);padding-right:var(--wp--preset--spacing--30);padding-bottom:var(--wp--preset--spacing--30);padding-left:var(--wp--preset--spacing--30)\">\n<div class=\"wp-block-media-text is-stacked-on-mobile ext-aspect-landscape extendify-image-import\"><figure class=\"wp-block-media-text__media\"><img loading=\"lazy\" decoding=\"async\" width=\"1024\" height=\"768\" src=\"https:\/\/ftachim.site\/wp-content\/uploads\/2025\/07\/wp-1747924743884-1024x768.jpg\" alt=\"\" class=\"wp-image-321 size-full\" srcset=\"https:\/\/ftachim.site\/wp-content\/uploads\/2025\/07\/wp-1747924743884-1024x768.jpg 1024w, https:\/\/ftachim.site\/wp-content\/uploads\/2025\/07\/wp-1747924743884-300x225.jpg 300w, https:\/\/ftachim.site\/wp-content\/uploads\/2025\/07\/wp-1747924743884-768x576.jpg 768w, https:\/\/ftachim.site\/wp-content\/uploads\/2025\/07\/wp-1747924743884-1536x1152.jpg 1536w, https:\/\/ftachim.site\/wp-content\/uploads\/2025\/07\/wp-1747924743884-2048x1536.jpg 2048w, https:\/\/ftachim.site\/wp-content\/uploads\/2025\/07\/wp-1747924743884-560x420.jpg 560w, https:\/\/ftachim.site\/wp-content\/uploads\/2025\/07\/wp-1747924743884-80x60.jpg 80w, https:\/\/ftachim.site\/wp-content\/uploads\/2025\/07\/wp-1747924743884-150x113.jpg 150w, https:\/\/ftachim.site\/wp-content\/uploads\/2025\/07\/wp-1747924743884-696x522.jpg 696w, https:\/\/ftachim.site\/wp-content\/uploads\/2025\/07\/wp-1747924743884-1068x801.jpg 1068w, https:\/\/ftachim.site\/wp-content\/uploads\/2025\/07\/wp-1747924743884-1920x1440.jpg 1920w\" sizes=\"auto, (max-width: 1024px) 100vw, 1024px\" \/><\/figure><div class=\"wp-block-media-text__content\">\n<p><\/p>\n\n\n\n<figure class=\"wp-block-embed is-type-video is-provider-youtube wp-block-embed-youtube wp-embed-aspect-16-9 wp-has-aspect-ratio\"><div class=\"wp-block-embed__wrapper\">\n<iframe loading=\"lazy\" title=\"\u062e\u0628\u0632\u0629 \u0627\u0644\u0634\u0639\u0631 \u0627\u0648\u062e\u0628\u0632\u0641\u0631\u064a\u0646 \u0627\u0644\u062e\u0628\u0632  \u0627\u0648\u062e\u0628\u0632\u062a \u0627\u0644\u0634\u0639\u0631 \u0635\u062d\u064a\u0646 \u0648\u0644\u062f\u062f \u0628\u0632\u0627\u0641 \" width=\"800\" height=\"450\" src=\"https:\/\/www.youtube.com\/embed\/QSYbPuc6n7w?feature=oembed\" frameborder=\"0\" allow=\"accelerometer; autoplay; clipboard-write; encrypted-media; gyroscope; picture-in-picture; web-share\" referrerpolicy=\"strict-origin-when-cross-origin\" allowfullscreen><\/iframe>\n<\/div><\/figure>\n<\/div><\/div>\n\n\n\n<h3 class=\"wp-block-heading\" style=\"margin-top:24px;font-size:20px;line-height:1.5\">Pain du Monde<\/h3>\n\n\n\n<p class=\"has-small-font-size\" style=\"margin-top:8px\">Apprenez des astuces et m\u00e9thodes pour explorer diff\u00e9rentes cuisines boulang\u00e8res internationales.<\/p>\n\n\n\n<div class=\"wp-block-buttons is-content-justification-left is-layout-flex wp-container-core-buttons-is-layout-fc4fd283 wp-block-buttons-is-layout-flex\">\n<div class=\"wp-block-button\"><a class=\"wp-block-button__link has-small-font-size has-custom-font-size wp-element-button\">Lire la suite<\/a><\/div>\n<\/div>\n<\/div>\n<\/div>\n\n\n\n<div class=\"wp-block-column is-layout-flow wp-block-column-is-layout-flow\">\n<div class=\"wp-block-group has-background-background-color has-background is-layout-constrained wp-container-core-group-is-layout-a35945ca wp-block-group-is-layout-constrained\" style=\"border-radius:4px;min-height:100%;padding-top:var(--wp--preset--spacing--30);padding-right:var(--wp--preset--spacing--30);padding-bottom:var(--wp--preset--spacing--30);padding-left:var(--wp--preset--spacing--30)\">\n<figure class=\"wp-block-image size-large ext-aspect-landscape extendify-image-import wp-duotone-varpresetduotoneprimary-foreground-3\"><a href=\"https:\/\/ftachim.site\/wp-content\/uploads\/2025\/07\/IMG-20250715-WA0010-1.webp\"><img loading=\"lazy\" decoding=\"async\" width=\"1024\" height=\"1024\" src=\"https:\/\/ftachim.site\/wp-content\/uploads\/2025\/07\/IMG-20250715-WA0010-1-1024x1024.webp\" alt=\"\" class=\"wp-image-728\" srcset=\"https:\/\/ftachim.site\/wp-content\/uploads\/2025\/07\/IMG-20250715-WA0010-1-1024x1024.webp 1024w, https:\/\/ftachim.site\/wp-content\/uploads\/2025\/07\/IMG-20250715-WA0010-1-300x300.webp 300w, https:\/\/ftachim.site\/wp-content\/uploads\/2025\/07\/IMG-20250715-WA0010-1-150x150.webp 150w, https:\/\/ftachim.site\/wp-content\/uploads\/2025\/07\/IMG-20250715-WA0010-1-768x768.webp 768w, https:\/\/ftachim.site\/wp-content\/uploads\/2025\/07\/IMG-20250715-WA0010-1.webp 1280w\" sizes=\"auto, (max-width: 1024px) 100vw, 1024px\" \/><\/a><figcaption class=\"wp-element-caption\"><img loading=\"lazy\" decoding=\"async\" width=\"1500\" height=\"2000\" class=\"wp-image-317\" style=\"width: 150px\" src=\"https:\/\/ftachim.site\/wp-content\/uploads\/2025\/07\/2025052320114619.png\" alt=\"\" srcset=\"https:\/\/ftachim.site\/wp-content\/uploads\/2025\/07\/2025052320114619.png 1500w, https:\/\/ftachim.site\/wp-content\/uploads\/2025\/07\/2025052320114619-225x300.png 225w, https:\/\/ftachim.site\/wp-content\/uploads\/2025\/07\/2025052320114619-768x1024.png 768w, https:\/\/ftachim.site\/wp-content\/uploads\/2025\/07\/2025052320114619-1152x1536.png 1152w, https:\/\/ftachim.site\/wp-content\/uploads\/2025\/07\/2025052320114619-315x420.png 315w, https:\/\/ftachim.site\/wp-content\/uploads\/2025\/07\/2025052320114619-150x200.png 150w, https:\/\/ftachim.site\/wp-content\/uploads\/2025\/07\/2025052320114619-300x400.png 300w, https:\/\/ftachim.site\/wp-content\/uploads\/2025\/07\/2025052320114619-696x928.png 696w, https:\/\/ftachim.site\/wp-content\/uploads\/2025\/07\/2025052320114619-1068x1424.png 1068w\" sizes=\"auto, (max-width: 1500px) 100vw, 1500px\" \/>#<\/figcaption><\/figure>\n\n\n\n<h3 class=\"wp-block-heading\" style=\"margin-top:24px;font-size:20px;line-height:1.5\">Nutrition &amp; Go\u00fbt<\/h3>\n\n\n\n<p class=\"has-small-font-size\" style=\"margin-top:8px\">Plongez dans l\u2019\u00e9tude des bienfaits nutritionnels et des saveurs du pain.<\/p>\n\n\n\n<div class=\"wp-block-buttons is-content-justification-left is-layout-flex wp-container-core-buttons-is-layout-fc4fd283 wp-block-buttons-is-layout-flex\">\n<div class=\"wp-block-button\"><a class=\"wp-block-button__link has-small-font-size has-custom-font-size wp-element-button\">D\u00e9couvrir<\/a><\/div>\n<\/div>\n<\/div>\n<\/div>\n<\/div>\n<\/div>\n\n\n\n<div class=\"wp-block-group alignfull has-background-background-color has-background is-layout-constrained wp-container-core-group-is-layout-7276a2bb wp-block-group-is-layout-constrained\" style=\"margin-top:0;margin-bottom:0;padding-top:var(--wp--preset--spacing--60);padding-right:var(--wp--preset--spacing--30);padding-bottom:var(--wp--preset--spacing--60);padding-left:var(--wp--preset--spacing--30)\">\n<div class=\"wp-block-group alignwide is-vertical is-layout-flex wp-container-core-group-is-layout-fe9cc265 wp-block-group-is-layout-flex\">\n<div class=\"wp-block-group is-layout-constrained wp-block-group-is-layout-constrained\">\n<h2 class=\"wp-block-heading has-large-font-size\">Explorez notre univers du pain artisanal<\/h2>\n\n\n\n<p style=\"margin-top:16px\">D\u00e9couvrez une s\u00e9lection d&rsquo;images illustrant la richesse et la diversit\u00e9 du monde de la boulangerie locale et internationale.<\/p>\n<\/div>\n<\/div>\n\n\n\n<figure class=\"wp-block-gallery alignwide has-nested-images columns-default is-cropped wp-block-gallery-4 is-layout-flex wp-block-gallery-is-layout-flex\">\n<figure data-wp-context=\"{&quot;imageId&quot;:&quot;69d37b8229530&quot;}\" data-wp-interactive=\"core\/image\" data-wp-key=\"69d37b8229530\" class=\"wp-block-image size-large extendify-image-import wp-lightbox-container\"><img decoding=\"async\" data-wp-class--hide=\"state.isContentHidden\" data-wp-class--show=\"state.isContentVisible\" data-wp-init=\"callbacks.setButtonStyles\" data-wp-on--click=\"actions.showLightbox\" data-wp-on--load=\"callbacks.setButtonStyles\" data-wp-on-window--resize=\"callbacks.setButtonStyles\" src=\"https:\/\/images.unsplash.com\/photo-1710399276597-3c052543985d?ixid=M3w0MzUxNjF8MHwxfHNlYXJjaHwyfHxicmVhZCUyMGJha2luZ3xlbnwwfHx8fDE3NTM0NDU3OTd8MA&amp;ixlib=rb-4.1.0&amp;orientation=portrait?fit=crop&amp;crop=entropy%2Cfaces&amp;auto=format%2Ccompress&amp;w=1280&amp;h=960\" alt=\"\" \/><button\n\t\t\tclass=\"lightbox-trigger\"\n\t\t\ttype=\"button\"\n\t\t\taria-haspopup=\"dialog\"\n\t\t\taria-label=\"Agrandir\"\n\t\t\tdata-wp-init=\"callbacks.initTriggerButton\"\n\t\t\tdata-wp-on--click=\"actions.showLightbox\"\n\t\t\tdata-wp-style--right=\"state.imageButtonRight\"\n\t\t\tdata-wp-style--top=\"state.imageButtonTop\"\n\t\t>\n\t\t\t<svg xmlns=\"http:\/\/www.w3.org\/2000\/svg\" width=\"12\" height=\"12\" fill=\"none\" viewBox=\"0 0 12 12\">\n\t\t\t\t<path fill=\"#fff\" d=\"M2 0a2 2 0 0 0-2 2v2h1.5V2a.5.5 0 0 1 .5-.5h2V0H2Zm2 10.5H2a.5.5 0 0 1-.5-.5V8H0v2a2 2 0 0 0 2 2h2v-1.5ZM8 12v-1.5h2a.5.5 0 0 0 .5-.5V8H12v2a2 2 0 0 1-2 2H8Zm2-12a2 2 0 0 1 2 2v2h-1.5V2a.5.5 0 0 0-.5-.5H8V0h2Z\" \/>\n\t\t\t<\/svg>\n\t\t<\/button><\/figure>\n\n\n\n<figure data-wp-context=\"{&quot;imageId&quot;:&quot;69d37b8229804&quot;}\" data-wp-interactive=\"core\/image\" data-wp-key=\"69d37b8229804\" class=\"wp-block-image size-large extendify-image-import wp-lightbox-container\"><img decoding=\"async\" data-wp-class--hide=\"state.isContentHidden\" data-wp-class--show=\"state.isContentVisible\" data-wp-init=\"callbacks.setButtonStyles\" data-wp-on--click=\"actions.showLightbox\" data-wp-on--load=\"callbacks.setButtonStyles\" data-wp-on-window--resize=\"callbacks.setButtonStyles\" src=\"https:\/\/images.unsplash.com\/photo-1710399267775-c947f96b6fa2?ixid=M3w0MzUxNjF8MHwxfHNlYXJjaHwxfHxicmVhZCUyMGJha2luZ3xlbnwwfHx8fDE3NTM0NDU3OTd8MA&amp;ixlib=rb-4.1.0&amp;orientation=landscape?fit=crop&amp;crop=entropy%2Cfaces&amp;auto=format%2Ccompress&amp;w=1280&amp;h=960\" alt=\"\" \/><button\n\t\t\tclass=\"lightbox-trigger\"\n\t\t\ttype=\"button\"\n\t\t\taria-haspopup=\"dialog\"\n\t\t\taria-label=\"Agrandir\"\n\t\t\tdata-wp-init=\"callbacks.initTriggerButton\"\n\t\t\tdata-wp-on--click=\"actions.showLightbox\"\n\t\t\tdata-wp-style--right=\"state.imageButtonRight\"\n\t\t\tdata-wp-style--top=\"state.imageButtonTop\"\n\t\t>\n\t\t\t<svg xmlns=\"http:\/\/www.w3.org\/2000\/svg\" width=\"12\" height=\"12\" fill=\"none\" viewBox=\"0 0 12 12\">\n\t\t\t\t<path fill=\"#fff\" d=\"M2 0a2 2 0 0 0-2 2v2h1.5V2a.5.5 0 0 1 .5-.5h2V0H2Zm2 10.5H2a.5.5 0 0 1-.5-.5V8H0v2a2 2 0 0 0 2 2h2v-1.5ZM8 12v-1.5h2a.5.5 0 0 0 .5-.5V8H12v2a2 2 0 0 1-2 2H8Zm2-12a2 2 0 0 1 2 2v2h-1.5V2a.5.5 0 0 0-.5-.5H8V0h2Z\" \/>\n\t\t\t<\/svg>\n\t\t<\/button><\/figure>\n\n\n\n<figure data-wp-context=\"{&quot;imageId&quot;:&quot;69d37b8229a6c&quot;}\" data-wp-interactive=\"core\/image\" data-wp-key=\"69d37b8229a6c\" class=\"wp-block-image size-large extendify-image-import wp-lightbox-container\"><img decoding=\"async\" data-wp-class--hide=\"state.isContentHidden\" data-wp-class--show=\"state.isContentVisible\" data-wp-init=\"callbacks.setButtonStyles\" data-wp-on--click=\"actions.showLightbox\" data-wp-on--load=\"callbacks.setButtonStyles\" data-wp-on-window--resize=\"callbacks.setButtonStyles\" src=\"https:\/\/images.unsplash.com\/photo-1638324184098-9df1bf3532b2?ixid=M3w0MzUxNjF8MHwxfHNlYXJjaHw0fHxicmVhZCUyMGJha2luZ3xlbnwwfHx8fDE3NTM0NDU3OTd8MA&amp;ixlib=rb-4.1.0&amp;orientation=portrait?fit=crop&amp;crop=entropy%2Cfaces&amp;auto=format%2Ccompress&amp;w=1280&amp;h=960\" alt=\"\" \/><button\n\t\t\tclass=\"lightbox-trigger\"\n\t\t\ttype=\"button\"\n\t\t\taria-haspopup=\"dialog\"\n\t\t\taria-label=\"Agrandir\"\n\t\t\tdata-wp-init=\"callbacks.initTriggerButton\"\n\t\t\tdata-wp-on--click=\"actions.showLightbox\"\n\t\t\tdata-wp-style--right=\"state.imageButtonRight\"\n\t\t\tdata-wp-style--top=\"state.imageButtonTop\"\n\t\t>\n\t\t\t<svg xmlns=\"http:\/\/www.w3.org\/2000\/svg\" width=\"12\" height=\"12\" fill=\"none\" viewBox=\"0 0 12 12\">\n\t\t\t\t<path fill=\"#fff\" d=\"M2 0a2 2 0 0 0-2 2v2h1.5V2a.5.5 0 0 1 .5-.5h2V0H2Zm2 10.5H2a.5.5 0 0 1-.5-.5V8H0v2a2 2 0 0 0 2 2h2v-1.5ZM8 12v-1.5h2a.5.5 0 0 0 .5-.5V8H12v2a2 2 0 0 1-2 2H8Zm2-12a2 2 0 0 1 2 2v2h-1.5V2a.5.5 0 0 0-.5-.5H8V0h2Z\" \/>\n\t\t\t<\/svg>\n\t\t<\/button><\/figure>\n<\/figure>\n<\/div>\n\n\n\n<div class=\"wp-block-group alignfull has-tertiary-background-color has-background is-layout-constrained wp-container-core-group-is-layout-fb85e995 wp-block-group-is-layout-constrained\" style=\"margin-top:0;margin-bottom:0;padding-top:var(--wp--preset--spacing--60);padding-right:var(--wp--preset--spacing--30);padding-bottom:var(--wp--preset--spacing--60);padding-left:var(--wp--preset--spacing--30)\">\n<h2 class=\"wp-block-heading has-text-align-center has-large-font-size\">\u0627\u0643\u062a\u0634\u0641 \u0639\u0627\u0644\u0645 \u0627\u0644\u062e\u0628\u0632 \u0645\u0639\u0646\u0627.<\/h2>\n\n\n\n<p class=\"has-text-align-center\" style=\"margin-top:16px\">\u0627\u0643\u062a\u0634\u0641\u0648\u0627 \u0623\u0641\u0643\u0627\u0631\u064b\u0627 \u0645\u0628\u062a\u0643\u0631\u0629 \u0648\u0645\u0642\u0627\u0644\u0627\u062a \u063a\u0646\u064a\u0629 \u062a\u063a\u0630\u064a \u0634\u063a\u0641\u0643\u0645 \u0628\u0635\u0646\u0627\u0639\u0629 \u0627\u0644\u062e\u0628\u0632 \u0648\u0627\u0644\u062a\u063a\u0630\u064a\u0629.<\/p>\n\n\n\n<div class=\"wp-block-buttons is-content-justification-center is-layout-flex wp-container-core-buttons-is-layout-720bcce9 wp-block-buttons-is-layout-flex\">\n<div class=\"wp-block-button\"><a class=\"wp-block-button__link wp-element-button\" href=\"#\">\u0627\u0643\u062a\u0634\u0641 \u0627\u0644\u0645\u0632\u064a\u062f<\/a><\/div>\n<\/div>\n<\/div>\n","protected":false},"excerpt":{"rendered":"<p>\u0627\u0633\u062a\u0643\u0634\u0641 \u0631\u0633\u0627\u0644\u062a\u0646\u0627 \u0648\u0631\u0624\u064a\u062a\u0646\u0627 \u0644\u0645\u0633\u062a\u0642\u0628\u0644 \u0645\u0634\u0631\u0642 \u0641\u064a \u0639\u0627\u0644\u0645 \u0627\u0644\u062e\u0628\u0632. \u062a\u0642\u062f\u0645 \u0647\u0630\u0647 \u0627\u0644\u0635\u0641\u062d\u0629 \u0646\u0638\u0631\u0629 \u0645\u0639\u0645\u0642\u0629 \u0639\u0644\u0649 \u0631\u0633\u0627\u0644\u062a\u0646\u0627\u060c \u0642\u064a\u0645\u0646\u0627 \u0648\u062a\u0627\u0631\u064a\u062e\u0646\u0627\u060c \u0645\u0639 \u062a\u0633\u0644\u064a\u0637 \u0627\u0644\u0636\u0648\u0621 \u0639\u0644\u0649 \u0627\u0644\u0645\u0628\u0627\u062f\u0626 \u0627\u0644\u062a\u064a \u062a\u0648\u062c\u0647 \u0623\u0647\u062f\u0627\u0641\u0646\u0627 \u0648\u0637\u0645\u0648\u062d\u0627\u062a\u0646\u0627 \u0641\u064a \u0625\u062b\u0631\u0627\u0621 \u062b\u0642\u0627\u0641\u0629 \u0635\u0646\u0627\u0639\u0629 \u0627\u0644\u062e\u0628\u0632 \u0645\u062d\u0644\u064a\u0627\u064b \u0648\u0639\u0627\u0644\u0645\u064a\u0627\u064b. Explorez les secrets du pain artisanal. Cette section pr\u00e9sente des articles et r\u00e9flexions sur les ingr\u00e9dients, la nutrition et les techniques de [&hellip;]<\/p>\n","protected":false},"author":2,"featured_media":0,"parent":854,"menu_order":0,"comment_status":"open","ping_status":"closed","template":"","meta":{"footnotes":""},"class_list":["post-857","page","type-page","status-publish","hentry"],"_links":{"self":[{"href":"https:\/\/ftachim.site\/index.php?rest_route=\/wp\/v2\/pages\/857","targetHints":{"allow":["GET"]}}],"collection":[{"href":"https:\/\/ftachim.site\/index.php?rest_route=\/wp\/v2\/pages"}],"about":[{"href":"https:\/\/ftachim.site\/index.php?rest_route=\/wp\/v2\/types\/page"}],"author":[{"embeddable":true,"href":"https:\/\/ftachim.site\/index.php?rest_route=\/wp\/v2\/users\/2"}],"replies":[{"embeddable":true,"href":"https:\/\/ftachim.site\/index.php?rest_route=%2Fwp%2Fv2%2Fcomments&post=857"}],"version-history":[{"count":8,"href":"https:\/\/ftachim.site\/index.php?rest_route=\/wp\/v2\/pages\/857\/revisions"}],"predecessor-version":[{"id":1071,"href":"https:\/\/ftachim.site\/index.php?rest_route=\/wp\/v2\/pages\/857\/revisions\/1071"}],"up":[{"embeddable":true,"href":"https:\/\/ftachim.site\/index.php?rest_route=\/wp\/v2\/pages\/854"}],"wp:attachment":[{"href":"https:\/\/ftachim.site\/index.php?rest_route=%2Fwp%2Fv2%2Fmedia&parent=857"}],"curies":[{"name":"wp","href":"https:\/\/api.w.org\/{rel}","templated":true}]}}